{"id":2837,"date":"2023-10-18T15:38:46","date_gmt":"2023-10-18T13:38:46","guid":{"rendered":"https:\/\/dev.waterfallaudio.com\/home-cinema-salle-dediee-page-selection\/"},"modified":"2023-10-18T15:38:48","modified_gmt":"2023-10-18T13:38:48","slug":"home-cinema-salle-dediee-page-selection","status":"publish","type":"page","link":"https:\/\/dev.waterfallaudio.com\/en\/home-cinema-salle-dediee-page-selection\/","title":{"rendered":"Home Cin\u00e9ma Salle D\u00e9di\u00e9e &#8211; Page S\u00e9lection"},"content":{"rendered":"<div class=\"wpb-content-wrapper\"><p>[vc_row row_height_percent=&#8221;0&#8243; override_padding=&#8221;yes&#8221; h_padding=&#8221;2&#8243; top_padding=&#8221;5&#8243; bottom_padding=&#8221;5&#8243; overlay_alpha=&#8221;50&#8243; gutter_size=&#8221;3&#8243; column_width_percent=&#8221;100&#8243; shift_y=&#8221;0&#8243; z_index=&#8221;0&#8243; auto_height_device=&#8221;yes&#8221;][vc_column column_width_percent=&#8221;100&#8243; position_vertical=&#8221;middle&#8221; gutter_size=&#8221;3&#8243; overlay_alpha=&#8221;50&#8243; shift_x=&#8221;0&#8243; shift_y=&#8221;0&#8243; shift_y_down=&#8221;0&#8243; z_index=&#8221;0&#8243; medium_width=&#8221;0&#8243; mobile_width=&#8221;0&#8243; width=&#8221;1\/1&#8243;][vc_row_inner row_inner_height_percent=&#8221;0&#8243; overlay_alpha=&#8221;50&#8243; gutter_size=&#8221;3&#8243; shift_y=&#8221;0&#8243; z_index=&#8221;0&#8243;][vc_column_inner column_width_use_pixel=&#8221;yes&#8221; position_horizontal=&#8221;left&#8221; position_vertical=&#8221;middle&#8221; gutter_size=&#8221;2&#8243; overlay_alpha=&#8221;50&#8243; shift_x=&#8221;0&#8243; shift_y=&#8221;0&#8243; shift_y_down=&#8221;0&#8243; z_index=&#8221;0&#8243; align_medium=&#8221;align_center_tablet&#8221; medium_width=&#8221;0&#8243; mobile_width=&#8221;0&#8243; width=&#8221;1\/2&#8243; column_width_pixel=&#8221;600&#8243;][vc_custom_heading heading_semantic=&#8221;h5&#8243; text_font=&#8221;font-329340&#8243; text_size=&#8221;h6&#8243; text_transform=&#8221;uppercase&#8221; css_animation=&#8221;top-t-bottom&#8221; animation_delay=&#8221;200&#8243;]CINEMA EXPERIENCE[\/vc_custom_heading][vc_custom_heading heading_semantic=&#8221;h1&#8243; text_font=&#8221;font-329340&#8243; text_size=&#8221;h1&#8243; text_weight=&#8221;400&#8243; text_transform=&#8221;uppercase&#8221; text_space=&#8221;fontspace-210350&#8243; separator=&#8221;yes&#8221; css_animation=&#8221;top-t-bottom&#8221; animation_delay=&#8221;200&#8243;]XXS Thickness<br \/>\nXXL Sound[\/vc_custom_heading][\/vc_column_inner][vc_column_inner column_width_percent=&#8221;100&#8243; position_vertical=&#8221;middle&#8221; gutter_size=&#8221;3&#8243; overlay_alpha=&#8221;50&#8243; shift_x=&#8221;0&#8243; shift_y=&#8221;0&#8243; shift_y_down=&#8221;0&#8243; z_index=&#8221;0&#8243; align_medium=&#8221;align_center_tablet&#8221; medium_width=&#8221;0&#8243; mobile_width=&#8221;0&#8243; width=&#8221;1\/2&#8243;][vc_column_text css_animation=&#8221;alpha-anim&#8221; animation_speed=&#8221;1000&#8243; animation_delay=&#8221;300&#8243; uncode_shortcode_id=&#8221;204323&#8243;]Designed to be installed in wall into private theaters, this collection is the answer to the most demanding movie buffs, it delivers great acoustic pressure with no distortion just like some of the best professional studio monitors.<\/p>\n<p><strong>Three speaker models dedicated to various room sizes. <\/strong><br \/>\n[\/vc_column_text][\/vc_column_inner][\/vc_row_inner][vc_empty_space empty_h=&#8221;3&#8243; desktop_visibility=&#8221;yes&#8221;][\/vc_column][\/vc_row][vc_row row_height_percent=&#8221;0&#8243; override_padding=&#8221;yes&#8221; h_padding=&#8221;0&#8243; top_padding=&#8221;5&#8243; bottom_padding=&#8221;3&#8243; overlay_alpha=&#8221;40&#8243; gutter_size=&#8221;3&#8243; column_width_percent=&#8221;100&#8243; border_color=&#8221;color-xsdn&#8221; border_style=&#8221;solid&#8221; shift_y=&#8221;0&#8243; z_index=&#8221;0&#8243; top_divider=&#8221;book&#8221; enable_bottom_divider=&#8221;default&#8221; bottom_divider=&#8221;step&#8221; shape_bottom_h_use_pixel=&#8221;&#8221; shape_bottom_height=&#8221;150&#8243; shape_bottom_color=&#8221;color-jevc&#8221; shape_bottom_opacity=&#8221;100&#8243; shape_bottom_index=&#8221;0&#8243; css=&#8221;.vc_custom_1611743112293{border-right-width: 30px !important;border-left-width: 30px !important;}&#8221;][vc_column column_width_percent=&#8221;100&#8243; position_vertical=&#8221;bottom&#8221; align_horizontal=&#8221;align_center&#8221; gutter_size=&#8221;2&#8243; override_padding=&#8221;yes&#8221; column_padding=&#8221;3&#8243; style=&#8221;dark&#8221; back_image=&#8221;541&#8243; overlay_color=&#8221;color-jevc&#8221; overlay_alpha=&#8221;31&#8243; shift_x=&#8221;0&#8243; shift_x_fixed=&#8221;yes&#8221; shift_y=&#8221;-5&#8243; shift_y_fixed=&#8221;yes&#8221; shift_y_down=&#8221;-5&#8243; shift_y_down_fixed=&#8221;yes&#8221; z_index=&#8221;6&#8243; medium_width=&#8221;0&#8243; mobile_width=&#8221;0&#8243; width=&#8221;1\/1&#8243;][vc_empty_space empty_h=&#8221;4&#8243;][vc_empty_space empty_h=&#8221;4&#8243; mobile_visibility=&#8221;yes&#8221;][vc_custom_heading heading_semantic=&#8221;h5&#8243; text_font=&#8221;font-329340&#8243; text_size=&#8221;h6&#8243; css_animation=&#8221;top-t-bottom&#8221; animation_delay=&#8221;200&#8243;]AMAZING SOUNDSTAGE[\/vc_custom_heading][vc_custom_heading heading_semantic=&#8221;h1&#8243; text_font=&#8221;font-329340&#8243; text_size=&#8221;h1&#8243; text_weight=&#8221;400&#8243; text_space=&#8221;fontspace-210350&#8243; css_animation=&#8221;top-t-bottom&#8221; animation_delay=&#8221;200&#8243;]ENTER A NEW DIMENSION[\/vc_custom_heading][\/vc_column][\/vc_row][vc_row row_height_percent=&#8221;0&#8243; override_padding=&#8221;yes&#8221; h_padding=&#8221;2&#8243; top_padding=&#8221;3&#8243; bottom_padding=&#8221;2&#8243; back_color=&#8221;color-jevc&#8221; overlay_alpha=&#8221;50&#8243; gutter_size=&#8221;3&#8243; column_width_percent=&#8221;100&#8243; border_color=&#8221;color-xsdn&#8221; border_style=&#8221;solid&#8221; shift_y=&#8221;4&#8243; shift_y_fixed=&#8221;yes&#8221; z_index=&#8221;0&#8243; css=&#8221;.vc_custom_1611761351537{border-right-width: 30px !important;border-left-width: 30px !important;}&#8221;][vc_column column_width_percent=&#8221;100&#8243; gutter_size=&#8221;2&#8243; style=&#8221;dark&#8221; overlay_alpha=&#8221;50&#8243; shift_x=&#8221;0&#8243; shift_y=&#8221;0&#8243; shift_y_down=&#8221;0&#8243; z_index=&#8221;0&#8243; medium_width=&#8221;0&#8243; mobile_width=&#8221;0&#8243; width=&#8221;1\/1&#8243;][vc_empty_space empty_h=&#8221;2&#8243; desktop_visibility=&#8221;yes&#8221; medium_visibility=&#8221;yes&#8221;][vc_custom_heading text_color=&#8221;accent&#8221; heading_semantic=&#8221;h5&#8243; text_font=&#8221;font-329340&#8243; text_size=&#8221;h6&#8243; css_animation=&#8221;top-t-bottom&#8221; animation_delay=&#8221;200&#8243;]PRIVATE HOME THEATER COLLECTION[\/vc_custom_heading][vc_separator sep_color=&#8221;,Default&#8221; css_animation=&#8221;left-t-right&#8221; animation_speed=&#8221;500&#8243; animation_delay=&#8221;800&#8243;][\/vc_column][\/vc_row][vc_row row_height_percent=&#8221;0&#8243; override_padding=&#8221;yes&#8221; h_padding=&#8221;2&#8243; top_padding=&#8221;0&#8243; bottom_padding=&#8221;0&#8243; back_color=&#8221;color-jevc&#8221; overlay_alpha=&#8221;50&#8243; equal_height=&#8221;yes&#8221; gutter_size=&#8221;2&#8243; column_width_percent=&#8221;100&#8243; border_color=&#8221;color-xsdn&#8221; border_style=&#8221;solid&#8221; shift_y=&#8221;0&#8243; z_index=&#8221;0&#8243; inverted_device_order=&#8221;yes&#8221; el_class=&#8221;inverted-device-order&#8221; css=&#8221;.vc_custom_1611761371485{border-right-width: 30px !important;border-left-width: 30px !important;}&#8221;][vc_column column_width_percent=&#8221;0&#8243; position_vertical=&#8221;bottom&#8221; gutter_size=&#8221;2&#8243; override_padding=&#8221;yes&#8221; column_padding=&#8221;3&#8243; style=&#8221;dark&#8221; back_color=&#8221;color-208664&#8243; overlay_color=&#8221;color-jevc&#8221; overlay_alpha=&#8221;30&#8243; shift_x=&#8221;0&#8243; shift_y=&#8221;0&#8243; shift_y_down=&#8221;0&#8243; z_index=&#8221;0&#8243; medium_width=&#8221;3&#8243; mobile_width=&#8221;7&#8243; css_animation=&#8221;left-t-right&#8221; animation_speed=&#8221;1000&#8243; animation_delay=&#8221;300&#8243; width=&#8221;1\/3&#8243; el_class=&#8221;inverted-device-order&#8221;][vc_empty_space empty_h=&#8221;1&#8243;][vc_single_image media=&#8221;550&#8243; media_width_use_pixel=&#8221;yes&#8221; alignment=&#8221;center&#8221; media_width_pixel=&#8221;358&#8243;][vc_empty_space empty_h=&#8221;1&#8243;][vc_custom_heading heading_semantic=&#8221;h1&#8243; text_font=&#8221;font-329340&#8243; text_size=&#8221;h3&#8243; text_weight=&#8221;400&#8243; text_space=&#8221;fontspace-210350&#8243; separator=&#8221;yes&#8221; separator_color=&#8221;yes&#8221; css_animation=&#8221;top-t-bottom&#8221; animation_delay=&#8221;200&#8243;]SAT150[\/vc_custom_heading][vc_column_text css_animation=&#8221;alpha-anim&#8221; animation_speed=&#8221;1000&#8243; animation_delay=&#8221;300&#8243; uncode_shortcode_id=&#8221;213402&#8243;]With its mere 9.9 cm (3.89\u201d) depth, SAT150 offers  great flexibility.[\/vc_column_text][vc_empty_space empty_h=&#8221;0&#8243;][vc_button size=&#8221;link&#8221; border_animation=&#8221;btn-ripple-in&#8221; hover_fx=&#8221;full-colored&#8221; custom_typo=&#8221;yes&#8221; font_family=&#8221;font-377884&#8243; font_weight=&#8221;600&#8243; letter_spacing=&#8221;fontspace-210350&#8243; border_width=&#8221;0&#8243; icon_position=&#8221;right&#8221; link=&#8221;url:https%3A%2F%2Fdev.waterfallaudio.com%2Fen%2Fcollection-pro-custom-series%2Fsat150%2F|title:SAT150|&#8221; icon=&#8221;fa fa-angle-right&#8221;]DISCOVER[\/vc_button][\/vc_column][vc_column column_width_percent=&#8221;100&#8243; position_vertical=&#8221;bottom&#8221; gutter_size=&#8221;2&#8243; override_padding=&#8221;yes&#8221; column_padding=&#8221;3&#8243; style=&#8221;dark&#8221; back_color=&#8221;color-208664&#8243; overlay_color=&#8221;color-jevc&#8221; overlay_alpha=&#8221;30&#8243; shift_x=&#8221;0&#8243; shift_y=&#8221;0&#8243; shift_y_down=&#8221;0&#8243; z_index=&#8221;0&#8243; medium_width=&#8221;3&#8243; mobile_width=&#8221;7&#8243; css_animation=&#8221;left-t-right&#8221; animation_speed=&#8221;1000&#8243; animation_delay=&#8221;400&#8243; width=&#8221;1\/3&#8243; el_class=&#8221;inverted-device-order&#8221;][vc_single_image media=&#8221;548&#8243; media_width_use_pixel=&#8221;yes&#8221; alignment=&#8221;center&#8221; media_width_pixel=&#8221;358&#8243;][vc_empty_space empty_h=&#8221;1&#8243;][vc_custom_heading heading_semantic=&#8221;h1&#8243; text_font=&#8221;font-329340&#8243; text_size=&#8221;h3&#8243; text_weight=&#8221;400&#8243; text_space=&#8221;fontspace-210350&#8243; separator=&#8221;yes&#8221; separator_color=&#8221;yes&#8221; css_animation=&#8221;top-t-bottom&#8221; animation_delay=&#8221;200&#8243;]LCR300[\/vc_custom_heading][vc_column_text css_animation=&#8221;alpha-anim&#8221; animation_speed=&#8221;1000&#8243; animation_delay=&#8221;300&#8243;]Multipurpose sound and exceptional power for this compact speaker.[\/vc_column_text][vc_empty_space empty_h=&#8221;0&#8243;][vc_empty_space empty_h=&#8221;1&#8243; desktop_visibility=&#8221;yes&#8221; mobile_visibility=&#8221;yes&#8221;][vc_button size=&#8221;link&#8221; border_animation=&#8221;btn-ripple-in&#8221; hover_fx=&#8221;full-colored&#8221; custom_typo=&#8221;yes&#8221; font_family=&#8221;font-377884&#8243; font_weight=&#8221;600&#8243; letter_spacing=&#8221;fontspace-210350&#8243; border_width=&#8221;0&#8243; icon_position=&#8221;right&#8221; link=&#8221;url:https%3A%2F%2Fdev.waterfallaudio.com%2Fen%2Fcollection-pro-custom-series%2Flcr300%2F|title:LCR300|&#8221; icon=&#8221;fa fa-angle-right&#8221;]DISCOVER[\/vc_button][\/vc_column][vc_column column_width_percent=&#8221;100&#8243; position_vertical=&#8221;bottom&#8221; gutter_size=&#8221;2&#8243; override_padding=&#8221;yes&#8221; column_padding=&#8221;3&#8243; style=&#8221;dark&#8221; back_color=&#8221;color-208664&#8243; overlay_color=&#8221;color-jevc&#8221; overlay_alpha=&#8221;30&#8243; shift_x=&#8221;0&#8243; shift_y=&#8221;0&#8243; shift_y_down=&#8221;0&#8243; z_index=&#8221;0&#8243; medium_width=&#8221;3&#8243; mobile_width=&#8221;7&#8243; css_animation=&#8221;left-t-right&#8221; animation_speed=&#8221;1000&#8243; animation_delay=&#8221;500&#8243; width=&#8221;1\/3&#8243;][vc_single_image media=&#8221;549&#8243; media_width_use_pixel=&#8221;yes&#8221; alignment=&#8221;center&#8221; media_width_pixel=&#8221;358&#8243;][vc_empty_space empty_h=&#8221;1&#8243;][vc_custom_heading heading_semantic=&#8221;h1&#8243; text_font=&#8221;font-329340&#8243; text_size=&#8221;h3&#8243; text_weight=&#8221;400&#8243; text_space=&#8221;fontspace-210350&#8243; separator=&#8221;yes&#8221; separator_color=&#8221;yes&#8221; css_animation=&#8221;top-t-bottom&#8221; animation_delay=&#8221;200&#8243;]LCR500[\/vc_custom_heading][vc_column_text css_animation=&#8221;alpha-anim&#8221; animation_speed=&#8221;1000&#8243; animation_delay=&#8221;300&#8243; uncode_shortcode_id=&#8221;159555&#8243;]Most Powerful and detailed. Dedicated to large rooms.[\/vc_column_text][vc_empty_space empty_h=&#8221;0&#8243;][vc_empty_space empty_h=&#8221;1&#8243; desktop_visibility=&#8221;yes&#8221; mobile_visibility=&#8221;yes&#8221;][vc_button size=&#8221;link&#8221; border_animation=&#8221;btn-ripple-in&#8221; hover_fx=&#8221;full-colored&#8221; custom_typo=&#8221;yes&#8221; font_family=&#8221;font-377884&#8243; font_weight=&#8221;600&#8243; letter_spacing=&#8221;fontspace-210350&#8243; border_width=&#8221;0&#8243; icon_position=&#8221;right&#8221; link=&#8221;url:https%3A%2F%2Fdev.waterfallaudio.com%2Fen%2Fcollection-pro-custom-series%2Flcr500%2F|title:LCR500|&#8221; icon=&#8221;fa fa-angle-right&#8221;]DISCOVER[\/vc_button][\/vc_column][\/vc_row][vc_row row_height_percent=&#8221;0&#8243; override_padding=&#8221;yes&#8221; h_padding=&#8221;2&#8243; top_padding=&#8221;0&#8243; bottom_padding=&#8221;0&#8243; back_color=&#8221;color-jevc&#8221; overlay_alpha=&#8221;50&#8243; equal_height=&#8221;yes&#8221; gutter_size=&#8221;0&#8243; column_width_percent=&#8221;100&#8243; border_color=&#8221;color-xsdn&#8221; border_style=&#8221;solid&#8221; shift_y=&#8221;0&#8243; z_index=&#8221;0&#8243; bottom_divider=&#8221;gradient&#8221; medium_visibility=&#8221;yes&#8221; mobile_visibility=&#8221;yes&#8221; inverted_device_order=&#8221;yes&#8221; auto_height_device=&#8221;yes&#8221; el_class=&#8221;inverted-device-order&#8221; css=&#8221;.vc_custom_1611763094339{border-right-width: 30px !important;border-left-width: 30px !important;}&#8221;][vc_column column_width_percent=&#8221;0&#8243; position_vertical=&#8221;bottom&#8221; gutter_size=&#8221;2&#8243; override_padding=&#8221;yes&#8221; column_padding=&#8221;4&#8243; back_color=&#8221;color-208664&#8243; overlay_color=&#8221;color-jevc&#8221; overlay_alpha=&#8221;30&#8243; shift_x=&#8221;0&#8243; shift_x_fixed=&#8221;yes&#8221; shift_y=&#8221;-2&#8243; shift_y_fixed=&#8221;yes&#8221; shift_y_down=&#8221;-2&#8243; shift_y_down_fixed=&#8221;yes&#8221; z_index=&#8221;4&#8243; medium_width=&#8221;3&#8243; mobile_width=&#8221;7&#8243; css_animation=&#8221;left-t-right&#8221; animation_speed=&#8221;1000&#8243; animation_delay=&#8221;300&#8243; width=&#8221;1\/1&#8243;][vc_row_inner row_inner_height_percent=&#8221;0&#8243; overlay_alpha=&#8221;50&#8243; gutter_size=&#8221;3&#8243; shift_y=&#8221;0&#8243; z_index=&#8221;0&#8243; mobile_visibility=&#8221;yes&#8221;][vc_column_inner column_width_percent=&#8221;100&#8243; position_horizontal=&#8221;left&#8221; position_vertical=&#8221;middle&#8221; align_horizontal=&#8221;align_center&#8221; gutter_size=&#8221;3&#8243; overlay_alpha=&#8221;50&#8243; shift_x=&#8221;0&#8243; shift_y=&#8221;0&#8243; shift_y_down=&#8221;0&#8243; z_index=&#8221;0&#8243; medium_width=&#8221;0&#8243; align_mobile=&#8221;align_left_mobile&#8221; mobile_width=&#8221;7&#8243; width=&#8221;1\/2&#8243;][vc_single_image media=&#8221;556&#8243; media_width_percent=&#8221;100&#8243; alignment=&#8221;center&#8221;][\/vc_column_inner][vc_column_inner column_width_percent=&#8221;77&#8243; position_vertical=&#8221;middle&#8221; gutter_size=&#8221;3&#8243; override_padding=&#8221;yes&#8221; column_padding=&#8221;2&#8243; style=&#8221;dark&#8221; overlay_alpha=&#8221;50&#8243; shift_x=&#8221;0&#8243; shift_y=&#8221;0&#8243; shift_y_down=&#8221;0&#8243; z_index=&#8221;0&#8243; medium_width=&#8221;0&#8243; align_mobile=&#8221;align_left_mobile&#8221; mobile_width=&#8221;7&#8243; width=&#8221;1\/2&#8243;][vc_custom_heading heading_semantic=&#8221;h1&#8243; text_font=&#8221;font-329340&#8243; text_size=&#8221;h3&#8243; text_weight=&#8221;400&#8243; text_space=&#8221;fontspace-210350&#8243; separator=&#8221;yes&#8221; separator_color=&#8221;yes&#8221; css_animation=&#8221;top-t-bottom&#8221; animation_delay=&#8221;200&#8243;]SUB600<strong>S<\/strong>[\/vc_custom_heading][vc_column_text css_animation=&#8221;alpha-anim&#8221; animation_speed=&#8221;1000&#8243; animation_delay=&#8221;300&#8243;]Keystone of your theater, SUB600S deploys phenomenal power in the infra low frequencies and tight bass.[\/vc_column_text][vc_empty_space empty_h=&#8221;1&#8243; desktop_visibility=&#8221;yes&#8221; mobile_visibility=&#8221;yes&#8221;][vc_button size=&#8221;link&#8221; border_animation=&#8221;btn-ripple-in&#8221; hover_fx=&#8221;full-colored&#8221; custom_typo=&#8221;yes&#8221; font_family=&#8221;font-377884&#8243; font_weight=&#8221;600&#8243; letter_spacing=&#8221;fontspace-210350&#8243; border_width=&#8221;0&#8243; icon_position=&#8221;right&#8221; link=&#8221;url:https%3A%2F%2Fdev.waterfallaudio.com%2Fen%2Fcollection-pro-custom-series%2Fsub600%2F|title:SUB600|&#8221; icon=&#8221;fa fa-angle-right&#8221;]DISCOVER[\/vc_button][\/vc_column_inner][\/vc_row_inner][\/vc_column][\/vc_row][vc_row row_height_percent=&#8221;0&#8243; override_padding=&#8221;yes&#8221; h_padding=&#8221;2&#8243; top_padding=&#8221;2&#8243; bottom_padding=&#8221;2&#8243; back_color=&#8221;color-jevc&#8221; overlay_alpha=&#8221;50&#8243; equal_height=&#8221;yes&#8221; gutter_size=&#8221;0&#8243; column_width_percent=&#8221;100&#8243; border_color=&#8221;color-xsdn&#8221; border_style=&#8221;solid&#8221; shift_y=&#8221;0&#8243; z_index=&#8221;0&#8243; bottom_divider=&#8221;gradient&#8221; desktop_visibility=&#8221;yes&#8221; inverted_device_order=&#8221;yes&#8221; auto_height_device=&#8221;yes&#8221; el_class=&#8221;inverted-device-order&#8221; css=&#8221;.vc_custom_1611763336998{border-right-width: 30px !important;border-left-width: 30px !important;}&#8221;][vc_column column_width_percent=&#8221;100&#8243; gutter_size=&#8221;3&#8243; override_padding=&#8221;yes&#8221; column_padding=&#8221;2&#8243; back_color=&#8221;color-208664&#8243; overlay_color=&#8221;color-jevc&#8221; overlay_alpha=&#8221;30&#8243; shift_x=&#8221;0&#8243; shift_y=&#8221;0&#8243; shift_y_down=&#8221;0&#8243; z_index=&#8221;0&#8243; medium_width=&#8221;4&#8243; mobile_width=&#8221;7&#8243; css_animation=&#8221;left-t-right&#8221; animation_speed=&#8221;1000&#8243; animation_delay=&#8221;400&#8243; width=&#8221;1\/2&#8243;][vc_single_image media=&#8221;551&#8243; media_width_use_pixel=&#8221;yes&#8221; alignment=&#8221;center&#8221; media_width_pixel=&#8221;350&#8243;][\/vc_column][vc_column column_width_percent=&#8221;0&#8243; position_vertical=&#8221;bottom&#8221; gutter_size=&#8221;2&#8243; override_padding=&#8221;yes&#8221; column_padding=&#8221;3&#8243; style=&#8221;dark&#8221; back_color=&#8221;color-208664&#8243; overlay_color=&#8221;color-jevc&#8221; overlay_alpha=&#8221;30&#8243; shift_x=&#8221;0&#8243; shift_y=&#8221;0&#8243; shift_y_down=&#8221;0&#8243; z_index=&#8221;0&#8243; medium_width=&#8221;4&#8243; mobile_width=&#8221;7&#8243; css_animation=&#8221;left-t-right&#8221; animation_speed=&#8221;1000&#8243; animation_delay=&#8221;300&#8243; width=&#8221;1\/2&#8243;][vc_custom_heading heading_semantic=&#8221;h1&#8243; text_font=&#8221;font-329340&#8243; text_size=&#8221;h3&#8243; text_weight=&#8221;400&#8243; text_space=&#8221;fontspace-210350&#8243; separator=&#8221;yes&#8221; separator_color=&#8221;yes&#8221; css_animation=&#8221;top-t-bottom&#8221; animation_delay=&#8221;200&#8243;]SUB600<strong>S<\/strong>[\/vc_custom_heading][vc_column_text css_animation=&#8221;alpha-anim&#8221; animation_speed=&#8221;1000&#8243; animation_delay=&#8221;300&#8243;]Keystone of your theater, SUB600S deploys phenomenal power in the infra low frequencies and tight bass.[\/vc_column_text][vc_empty_space empty_h=&#8221;1&#8243; desktop_visibility=&#8221;yes&#8221; mobile_visibility=&#8221;yes&#8221;][vc_empty_space empty_h=&#8221;2&#8243; medium_visibility=&#8221;yes&#8221;][vc_button size=&#8221;link&#8221; border_animation=&#8221;btn-ripple-in&#8221; hover_fx=&#8221;full-colored&#8221; custom_typo=&#8221;yes&#8221; font_family=&#8221;font-377884&#8243; font_weight=&#8221;600&#8243; letter_spacing=&#8221;fontspace-210350&#8243; border_width=&#8221;0&#8243; icon_position=&#8221;right&#8221; link=&#8221;url:%23|&#8221; icon=&#8221;fa fa-angle-right&#8221;]DISCOVER[\/vc_button][\/vc_column][\/vc_row][vc_row row_height_percent=&#8221;0&#8243; overlay_alpha=&#8221;50&#8243; gutter_size=&#8221;3&#8243; column_width_percent=&#8221;100&#8243; shift_y=&#8221;0&#8243; z_index=&#8221;0&#8243; medium_visibility=&#8221;yes&#8221; mobile_visibility=&#8221;yes&#8221;][vc_column width=&#8221;1\/1&#8243;][vc_empty_space empty_h=&#8221;1&#8243;][\/vc_column][\/vc_row][vc_row unlock_row=&#8221;&#8221; row_height_percent=&#8221;0&#8243; override_padding=&#8221;yes&#8221; h_padding=&#8221;0&#8243; top_padding=&#8221;3&#8243; bottom_padding=&#8221;2&#8243; overlay_alpha=&#8221;50&#8243; equal_height=&#8221;yes&#8221; gutter_size=&#8221;0&#8243; column_width_percent=&#8221;100&#8243; shift_y=&#8221;3&#8243; shift_y_fixed=&#8221;yes&#8221; z_index=&#8221;7&#8243; inverted_device_order=&#8221;yes&#8221; el_class=&#8221;inverted-device-order&#8221;][vc_column column_width_percent=&#8221;100&#8243; position_vertical=&#8221;middle&#8221; gutter_size=&#8221;0&#8243; expand_height=&#8221;yes&#8221; back_image=&#8221;422&#8243; back_position=&#8221;center center&#8221; overlay_alpha=&#8221;50&#8243; shift_x=&#8221;0&#8243; shift_y=&#8221;0&#8243; shift_y_down=&#8221;0&#8243; z_index=&#8221;0&#8243; medium_width=&#8221;0&#8243; mobile_width=&#8221;7&#8243; css_animation=&#8221;left-t-right&#8221; animation_speed=&#8221;1000&#8243; animation_delay=&#8221;500&#8243; width=&#8221;1\/2&#8243; mobile_height=&#8221;300&#8243; el_class=&#8221;inverted-device-order&#8221;][vc_empty_space empty_h=&#8221;0&#8243;][\/vc_column][vc_column column_width_use_pixel=&#8221;yes&#8221; position_vertical=&#8221;middle&#8221; gutter_size=&#8221;2&#8243; override_padding=&#8221;yes&#8221; column_padding=&#8221;3&#8243; expand_height=&#8221;yes&#8221; back_color=&#8221;color-lxmt&#8221; overlay_alpha=&#8221;50&#8243; border_style=&#8221;solid&#8221; shift_x=&#8221;0&#8243; shift_y=&#8221;0&#8243; shift_y_down=&#8221;0&#8243; z_index=&#8221;0&#8243; align_medium=&#8221;align_center_tablet&#8221; medium_width=&#8221;0&#8243; mobile_width=&#8221;7&#8243; css_animation=&#8221;left-t-right&#8221; animation_speed=&#8221;1000&#8243; animation_delay=&#8221;300&#8243; width=&#8221;1\/2&#8243; column_width_pixel=&#8221;900&#8243; el_class=&#8221;inverted-device-order&#8221;][vc_empty_space empty_h=&#8221;3&#8243; mobile_visibility=&#8221;yes&#8221;][vc_custom_heading heading_semantic=&#8221;h5&#8243; text_font=&#8221;font-329340&#8243; text_size=&#8221;h6&#8243; css_animation=&#8221;top-t-bottom&#8221; animation_speed=&#8221;800&#8243; animation_delay=&#8221;500&#8243;]INTEGRATION[\/vc_custom_heading][vc_custom_heading heading_semantic=&#8221;h1&#8243; text_font=&#8221;font-329340&#8243; text_weight=&#8221;400&#8243; text_space=&#8221;fontspace-210350&#8243; separator=&#8221;yes&#8221; css_animation=&#8221;top-t-bottom&#8221; animation_delay=&#8221;200&#8243;]PRO CUSTOM SERIES[\/vc_custom_heading][vc_column_text css_animation=&#8221;alpha-anim&#8221; animation_speed=&#8221;1000&#8243; animation_delay=&#8221;300&#8243; uncode_shortcode_id=&#8221;784869&#8243;]Our Professional Custom Series collection brings a compact solution and allows you to save space by installing them behind an acoustically transparent screen (only 20 cm depth). Power and precision for your private cinema room. <\/p>\n<p>To get maximum performance, it is compulsory to fit the Pro Custom Series  into an acoustical baffle wall.<br \/>\nCheck our detailed Installation Instructions.[\/vc_column_text][vc_empty_space empty_h=&#8221;3&#8243; mobile_visibility=&#8221;yes&#8221;][\/vc_column][\/vc_row][vc_row][vc_column width=&#8221;1\/1&#8243;][uncode_block id=&#8221;349&#8243;][\/vc_column][\/vc_row]<\/p>\n<\/div>","protected":false},"excerpt":{"rendered":"<p>[vc_row row_height_percent=&#8221;0&#8243; override_padding=&#8221;yes&#8221; h_padding=&#8221;2&#8243; top_padding=&#8221;5&#8243; bottom_padding=&#8221;5&#8243; overlay_alpha=&#8221;50&#8243; gutter_size=&#8221;3&#8243; column_width_percent=&#8221;100&#8243; shift_y=&#8221;0&#8243; z_index=&#8221;0&#8243; auto_height_device=&#8221;yes&#8221;][vc_column column_width_percent=&#8221;100&#8243; position_vertical=&#8221;middle&#8221; gutter_size=&#8221;3&#8243; overlay_alpha=&#8221;50&#8243; shift_x=&#8221;0&#8243; shift_y=&#8221;0&#8243; shift_y_down=&#8221;0&#8243; z_index=&#8221;0&#8243; [&hellip;]<\/p>\n","protected":false},"author":1,"featured_media":0,"parent":0,"menu_order":0,"comment_status":"closed","ping_status":"closed","template":"","meta":{"footnotes":""},"_links":{"self":[{"href":"https:\/\/dev.waterfallaudio.com\/en\/wp-json\/wp\/v2\/pages\/2837"}],"collection":[{"href":"https:\/\/dev.waterfallaudio.com\/en\/wp-json\/wp\/v2\/pages"}],"about":[{"href":"https:\/\/dev.waterfallaudio.com\/en\/wp-json\/wp\/v2\/types\/page"}],"author":[{"embeddable":true,"href":"https:\/\/dev.waterfallaudio.com\/en\/wp-json\/wp\/v2\/users\/1"}],"replies":[{"embeddable":true,"href":"https:\/\/dev.waterfallaudio.com\/en\/wp-json\/wp\/v2\/comments?post=2837"}],"version-history":[{"count":2,"href":"https:\/\/dev.waterfallaudio.com\/en\/wp-json\/wp\/v2\/pages\/2837\/revisions"}],"predecessor-version":[{"id":2839,"href":"https:\/\/dev.waterfallaudio.com\/en\/wp-json\/wp\/v2\/pages\/2837\/revisions\/2839"}],"wp:attachment":[{"href":"https:\/\/dev.waterfallaudio.com\/en\/wp-json\/wp\/v2\/media?parent=2837"}],"curies":[{"name":"wp","href":"https:\/\/api.w.org\/{rel}","templated":true}]}}