{"id":2757,"date":"2023-10-18T11:05:46","date_gmt":"2023-10-18T09:05:46","guid":{"rendered":"https:\/\/dev.waterfallaudio.com\/enceintes-in-wall-page-selection-gb\/hurricane-in-wall-classic-gb\/"},"modified":"2024-01-21T18:49:30","modified_gmt":"2024-01-21T17:49:30","slug":"hurricane-in-wall","status":"publish","type":"page","link":"https:\/\/dev.waterfallaudio.com\/en\/collection-in-wall\/hurricane-in-wall\/","title":{"rendered":"Hurricane In Wall Classic &#8211; GB"},"content":{"rendered":"<div class=\"wpb-content-wrapper\"><p>[vc_row row_height_percent=&#8221;0&#8243; override_padding=&#8221;yes&#8221; h_padding=&#8221;2&#8243; top_padding=&#8221;5&#8243; bottom_padding=&#8221;4&#8243; overlay_alpha=&#8221;50&#8243; gutter_size=&#8221;3&#8243; column_width_percent=&#8221;100&#8243; shift_y=&#8221;0&#8243; z_index=&#8221;0&#8243;][vc_column column_width_percent=&#8221;100&#8243; gutter_size=&#8221;4&#8243; overlay_alpha=&#8221;50&#8243; shift_x=&#8221;0&#8243; shift_y=&#8221;0&#8243; shift_y_down=&#8221;0&#8243; z_index=&#8221;0&#8243; medium_width=&#8221;0&#8243; mobile_width=&#8221;0&#8243; width=&#8221;1\/1&#8243;][vc_row_inner row_inner_height_percent=&#8221;0&#8243; overlay_alpha=&#8221;50&#8243; gutter_size=&#8221;3&#8243; shift_y=&#8221;0&#8243; z_index=&#8221;0&#8243;][vc_column_inner column_width_use_pixel=&#8221;yes&#8221; position_horizontal=&#8221;left&#8221; gutter_size=&#8221;2&#8243; overlay_alpha=&#8221;50&#8243; shift_x=&#8221;0&#8243; shift_y=&#8221;0&#8243; shift_y_down=&#8221;0&#8243; z_index=&#8221;0&#8243; medium_width=&#8221;4&#8243; mobile_width=&#8221;0&#8243; css_animation=&#8221;alpha-anim&#8221; animation_speed=&#8221;600&#8243; animation_delay=&#8221;800&#8243; width=&#8221;1\/2&#8243; column_width_pixel=&#8221;600&#8243;][vc_gallery el_id=&#8221;gallery-207786&#8243; type=&#8221;carousel&#8221; medias=&#8221;2508,2324,2510&#8243; carousel_lg=&#8221;1&#8243; carousel_md=&#8221;1&#8243; carousel_sm=&#8221;1&#8243; gutter_size=&#8221;0&#8243; media_items=&#8221;media|nolink|original&#8221; carousel_interval=&#8221;0&#8243; carousel_navspeed=&#8221;400&#8243; carousel_loop=&#8221;yes&#8221; carousel_nav=&#8221;yes&#8221; carousel_dots=&#8221;yes&#8221; carousel_dots_mobile=&#8221;yes&#8221; stage_padding=&#8221;0&#8243; single_overlay_opacity=&#8221;1&#8243; single_overlay_anim=&#8221;no&#8221; single_image_anim=&#8221;no&#8221; single_padding=&#8221;2&#8243; single_border=&#8221;yes&#8221; uncode_shortcode_id=&#8221;917329&#8243;][\/vc_column_inner][vc_column_inner column_width_percent=&#8221;100&#8243; position_vertical=&#8221;middle&#8221; gutter_size=&#8221;2&#8243; overlay_alpha=&#8221;50&#8243; shift_x=&#8221;0&#8243; shift_y=&#8221;0&#8243; shift_y_down=&#8221;0&#8243; z_index=&#8221;0&#8243; medium_width=&#8221;4&#8243; mobile_width=&#8221;0&#8243; width=&#8221;1\/2&#8243;][vc_custom_heading heading_semantic=&#8221;h5&#8243; text_font=&#8221;font-329340&#8243; text_size=&#8221;h6&#8243; css_animation=&#8221;top-t-bottom&#8221; animation_delay=&#8221;200&#8243; uncode_shortcode_id=&#8221;873652&#8243;]HIGH END INTEGRATION[\/vc_custom_heading][vc_custom_heading heading_semantic=&#8221;h1&#8243; text_font=&#8221;font-329340&#8243; text_size=&#8221;h1&#8243; text_weight=&#8221;400&#8243; text_space=&#8221;fontspace-210350&#8243; separator=&#8221;yes&#8221; css_animation=&#8221;top-t-bottom&#8221; animation_delay=&#8221;200&#8243; uncode_shortcode_id=&#8221;193127&#8243;]HURRICANE IN-WALL[\/vc_custom_heading][vc_empty_space empty_h=&#8221;1&#8243;][vc_column_text css_animation=&#8221;alpha-anim&#8221; animation_speed=&#8221;1000&#8243; animation_delay=&#8221;300&#8243; uncode_shortcode_id=&#8221;202361&#8243;]Many In Wall speakers do not have an optimal bass response as they do not include a back-box (real sealed enclosure) for economical reasons.<\/p>\n<p>Based on our famous Hurricane compact speaker and a high tech back box, these In Wall speakers are easy to install with only 73 mm thickness, they are the perfect solution for multiroom and home cinema.[\/vc_column_text][vc_empty_space empty_h=&#8221;2&#8243;][vc_separator sep_color=&#8221;,Default&#8221; css_animation=&#8221;left-t-right&#8221; animation_speed=&#8221;500&#8243; animation_delay=&#8221;800&#8243;][uncode_block id=&#8221;214&#8243; inside_column=&#8221;yes&#8221;][vc_separator sep_color=&#8221;,Default&#8221; css_animation=&#8221;left-t-right&#8221; animation_speed=&#8221;500&#8243; animation_delay=&#8221;800&#8243;][\/vc_column_inner][\/vc_row_inner][\/vc_column][\/vc_row][vc_row row_height_percent=&#8221;0&#8243; override_padding=&#8221;yes&#8221; h_padding=&#8221;2&#8243; top_padding=&#8221;3&#8243; bottom_padding=&#8221;2&#8243; overlay_alpha=&#8221;50&#8243; gutter_size=&#8221;3&#8243; column_width_percent=&#8221;100&#8243; shift_y=&#8221;0&#8243; z_index=&#8221;0&#8243; uncode_shortcode_id=&#8221;174120&#8243;][vc_column column_width_percent=&#8221;100&#8243; gutter_size=&#8221;2&#8243; overlay_alpha=&#8221;50&#8243; shift_x=&#8221;0&#8243; shift_y=&#8221;0&#8243; shift_y_down=&#8221;0&#8243; z_index=&#8221;0&#8243; medium_width=&#8221;0&#8243; mobile_width=&#8221;0&#8243; width=&#8221;1\/1&#8243;][vc_custom_heading text_color=&#8221;accent&#8221; heading_semantic=&#8221;h5&#8243; text_font=&#8221;font-329340&#8243; text_size=&#8221;h6&#8243; css_animation=&#8221;top-t-bottom&#8221; animation_delay=&#8221;200&#8243; uncode_shortcode_id=&#8221;733896&#8243; text_color_type=&#8221;uncode-palette&#8221;]EXPLORE INTEGRATION POSSIBILITIES[\/vc_custom_heading][vc_separator sep_color=&#8221;,Default&#8221; css_animation=&#8221;left-t-right&#8221; animation_speed=&#8221;500&#8243; animation_delay=&#8221;800&#8243;][\/vc_column][\/vc_row][vc_row][vc_column width=&#8221;1\/1&#8243;]\n\t\t\t<!-- START Hurricane in Wall REVOLUTION SLIDER 6.6.20 --><p class=\"rs-p-wp-fix\"><\/p>\n\t\t\t<rs-module-wrap id=\"rev_slider_1_1_wrapper\" data-source=\"gallery\" style=\"visibility:hidden;background:#ffffff;padding:0;margin:0px auto;margin-top:0;margin-bottom:0;\">\n\t\t\t\t<rs-module id=\"rev_slider_1_1\" style=\"\" data-version=\"6.6.20\">\n\t\t\t\t\t<rs-slides style=\"overflow: hidden; position: absolute;\">\n\t\t\t\t\t\t<rs-slide style=\"position: absolute;\" data-key=\"rs-1\" data-title=\"Slide\" data-thumb=\"\/\/dev.waterfallaudio.com\/wp-content\/uploads\/revslider\/hurricane-in-wall\/Waterfall_In_wall_Structure_Montage_Series_Construction_slider_01-100x50.jpg\" data-duration=\"5300ms\" data-anim=\"adpr:false;ms:600ms;\" data-in=\"o:0;\" data-out=\"a:false;\">\n\t\t\t\t\t\t\t<img decoding=\"async\" src=\"\/\/dev.waterfallaudio.com\/wp-content\/plugins\/revslider\/public\/assets\/assets\/dummy.png\" alt=\"\" title=\"Waterfall_In_wall_Structure_Montage_Series_Construction_slider_01.jpg\" width=\"1200\" height=\"807\" class=\"rev-slidebg tp-rs-img rs-lazyload\" data-lazyload=\"\/\/dev.waterfallaudio.com\/wp-content\/uploads\/revslider\/hurricane-in-wall\/Waterfall_In_wall_Structure_Montage_Series_Construction_slider_01.jpg\" data-bg=\"f:contain;\" data-parallax=\"off\" data-no-retina>\n<!--\n\t\t\t\t\t\t\t--><rs-layer\n\t\t\t\t\t\t\t\tid=\"slider-1-slide-1-layer-5\" \n\t\t\t\t\t\t\t\tclass=\"Dining-Title\"\n\t\t\t\t\t\t\t\tdata-type=\"text\"\n\t\t\t\t\t\t\t\tdata-color=\"#7d7d7d\"\n\t\t\t\t\t\t\t\tdata-rsp_ch=\"on\"\n\t\t\t\t\t\t\t\tdata-xy=\"x:c;y:c;yo:-130px;\"\n\t\t\t\t\t\t\t\tdata-text=\"s:17;l:22;a:center;\"\n\t\t\t\t\t\t\t\tdata-dim=\"minh:0px;\"\n\t\t\t\t\t\t\t\tdata-frame_0=\"y:100%;\"\n\t\t\t\t\t\t\t\tdata-frame_1=\"e:power4.inOut;st:220;sp:2000;sR:220;\"\n\t\t\t\t\t\t\t\tdata-frame_999=\"st:5020;sR:7480;auto:true;\"\n\t\t\t\t\t\t\t\tstyle=\"z-index:6;font-family:'Roboto';type:text;\"\n\t\t\t\t\t\t\t>Ch\u00e2ssis ABS haute densit\u00e9 charg\u00e9 \u00e0 la fibre<br>\nPlaque de bitume pour une inertie optimale\n<br>\nV\u00e9ritable traitement amortissant<br>\n \n\t\t\t\t\t\t\t<\/rs-layer><!--\n\n\t\t\t\t\t\t\t--><rs-layer\n\t\t\t\t\t\t\t\tid=\"slider-1-slide-1-layer-6\" \n\t\t\t\t\t\t\t\tclass=\"Dining-Title\"\n\t\t\t\t\t\t\t\tdata-type=\"text\"\n\t\t\t\t\t\t\t\tdata-color=\"rgba(48, 48, 48, 1)\"\n\t\t\t\t\t\t\t\tdata-rsp_ch=\"on\"\n\t\t\t\t\t\t\t\tdata-xy=\"x:c;y:68px;\"\n\t\t\t\t\t\t\t\tdata-text=\"s:30;l:35;ls:6px;fw:500;a:center;\"\n\t\t\t\t\t\t\t\tdata-frame_1=\"e:power2.inOut;st:220;sR:220;\"\n\t\t\t\t\t\t\t\tdata-frame_999=\"o:0;e:nothing;st:5020;sR:9180;\"\n\t\t\t\t\t\t\t\tstyle=\"z-index:5;font-family:'Quicksand';type:text;\"\n\t\t\t\t\t\t\t>BACK BOX HIGH-TECH \n\t\t\t\t\t\t\t<\/rs-layer><!--\n-->\t\t\t\t\t\t<\/rs-slide>\n\t\t\t\t\t\t<rs-slide style=\"position: absolute;\" data-key=\"rs-2\" data-title=\"Slide\" data-thumb=\"\/\/dev.waterfallaudio.com\/wp-content\/uploads\/revslider\/hurricane-in-wall\/Waterfall_In_wall_Structure_Montage_Series_Construction_slider_02-100x50.jpg\" data-duration=\"5020\" data-anim=\"ms:600;r:0;\" data-in=\"o:0;\" data-out=\"a:false;\">\n\t\t\t\t\t\t\t<img decoding=\"async\" src=\"\/\/dev.waterfallaudio.com\/wp-content\/plugins\/revslider\/public\/assets\/assets\/dummy.png\" alt=\"\" title=\"Waterfall_In_wall_Structure_Montage_Series_Construction_slider_02.jpg\" width=\"1200\" height=\"807\" class=\"rev-slidebg tp-rs-img rs-lazyload\" data-lazyload=\"\/\/dev.waterfallaudio.com\/wp-content\/uploads\/revslider\/hurricane-in-wall\/Waterfall_In_wall_Structure_Montage_Series_Construction_slider_02.jpg\" data-bg=\"f:contain;\" data-parallax=\"off\" data-no-retina>\n<!--\n\t\t\t\t\t\t\t--><rs-layer\n\t\t\t\t\t\t\t\tid=\"slider-1-slide-2-layer-3\" \n\t\t\t\t\t\t\t\tclass=\"Dining-Title\"\n\t\t\t\t\t\t\t\tdata-type=\"text\"\n\t\t\t\t\t\t\t\tdata-color=\"#7d7d7d\"\n\t\t\t\t\t\t\t\tdata-rsp_ch=\"on\"\n\t\t\t\t\t\t\t\tdata-xy=\"x:c;y:c;yo:-130px;\"\n\t\t\t\t\t\t\t\tdata-text=\"s:17;l:22;a:center;\"\n\t\t\t\t\t\t\t\tdata-dim=\"minh:0px;\"\n\t\t\t\t\t\t\t\tdata-frame_0=\"y:100%;\"\n\t\t\t\t\t\t\t\tdata-frame_1=\"e:power4.inOut;st:220;sp:2000;sR:220;\"\n\t\t\t\t\t\t\t\tdata-frame_999=\"st:w;sR:7480;auto:true;\"\n\t\t\t\t\t\t\t\tstyle=\"z-index:6;font-family:'Roboto';type:text;\"\n\t\t\t\t\t\t\t>Facilit\u00e9 de montage<BR>\nFaible profondeur d'encastrement  de <B>73 mm<\/B>\n \n\t\t\t\t\t\t\t<\/rs-layer><!--\n\n\t\t\t\t\t\t\t--><rs-layer\n\t\t\t\t\t\t\t\tid=\"slider-1-slide-2-layer-4\" \n\t\t\t\t\t\t\t\tclass=\"Dining-Title\"\n\t\t\t\t\t\t\t\tdata-type=\"text\"\n\t\t\t\t\t\t\t\tdata-color=\"rgba(48, 48, 48, 1)\"\n\t\t\t\t\t\t\t\tdata-rsp_ch=\"on\"\n\t\t\t\t\t\t\t\tdata-xy=\"x:c;y:60px;\"\n\t\t\t\t\t\t\t\tdata-text=\"s:30;l:35;ls:6px;fw:500;a:center;\"\n\t\t\t\t\t\t\t\tdata-frame_1=\"e:power2.inOut;st:220;sR:220;\"\n\t\t\t\t\t\t\t\tdata-frame_999=\"o:0;e:nothing;st:w;sR:9180;\"\n\t\t\t\t\t\t\t\tstyle=\"z-index:5;font-family:'Quicksand';type:text;\"\n\t\t\t\t\t\t\t>UNE ARCHITECTURE<BR>\nDEUX OPTIONS \n\t\t\t\t\t\t\t<\/rs-layer><!--\n-->\t\t\t\t\t\t<\/rs-slide>\n\t\t\t\t\t\t<rs-slide style=\"position: absolute;\" data-key=\"rs-3\" data-title=\"Slide\" data-thumb=\"\/\/dev.waterfallaudio.com\/wp-content\/uploads\/revslider\/hurricane-in-wall\/Waterfall_In_wall_Structure_Montage_Series_Construction_slider_03-100x50.jpg\" data-duration=\"5030\" data-anim=\"ms:600;r:0;\" data-in=\"o:0;\" data-out=\"a:false;\">\n\t\t\t\t\t\t\t<img decoding=\"async\" src=\"\/\/dev.waterfallaudio.com\/wp-content\/plugins\/revslider\/public\/assets\/assets\/dummy.png\" alt=\"\" title=\"Waterfall_In_wall_Structure_Montage_Series_Construction_slider_03.jpg\" width=\"1200\" height=\"807\" class=\"rev-slidebg tp-rs-img rs-lazyload\" data-lazyload=\"\/\/dev.waterfallaudio.com\/wp-content\/uploads\/revslider\/hurricane-in-wall\/Waterfall_In_wall_Structure_Montage_Series_Construction_slider_03.jpg\" data-bg=\"f:contain;\" data-parallax=\"off\" data-no-retina>\n<!--\n\t\t\t\t\t\t\t--><rs-layer\n\t\t\t\t\t\t\t\tid=\"slider-1-slide-3-layer-10\" \n\t\t\t\t\t\t\t\tclass=\"Dining-Title\"\n\t\t\t\t\t\t\t\tdata-type=\"text\"\n\t\t\t\t\t\t\t\tdata-color=\"rgba(48, 48, 48, 1)\"\n\t\t\t\t\t\t\t\tdata-rsp_ch=\"on\"\n\t\t\t\t\t\t\t\tdata-xy=\"x:c;y:60px;\"\n\t\t\t\t\t\t\t\tdata-text=\"s:30;l:35;ls:6px;fw:500;a:center;\"\n\t\t\t\t\t\t\t\tdata-frame_1=\"e:power2.inOut;st:220;sR:220;\"\n\t\t\t\t\t\t\t\tdata-frame_999=\"o:0;e:nothing;st:5020;sR:9180;\"\n\t\t\t\t\t\t\t\tstyle=\"z-index:5;font-family:'Quicksand';type:text;\"\n\t\t\t\t\t\t\t>DEUX FINITIONS<\/br>\n<b>CLASSIC & GLASS<\/b> \n\t\t\t\t\t\t\t<\/rs-layer><!--\n-->\t\t\t\t\t\t<\/rs-slide>\n\t\t\t\t\t\t<rs-slide style=\"position: absolute;\" data-key=\"rs-4\" data-title=\"Slide\" data-thumb=\"\/\/dev.waterfallaudio.com\/wp-content\/uploads\/revslider\/hurricane-in-wall\/Waterfall_In_wall_Structure_Montage_Series_Construction_slider_04-100x50.jpg\" data-duration=\"5040\" data-anim=\"ms:600;r:0;\" data-in=\"o:0;\" data-out=\"a:false;\">\n\t\t\t\t\t\t\t<img decoding=\"async\" src=\"\/\/dev.waterfallaudio.com\/wp-content\/plugins\/revslider\/public\/assets\/assets\/dummy.png\" alt=\"\" title=\"Waterfall_In_wall_Structure_Montage_Series_Construction_slider_04.jpg\" width=\"1200\" height=\"807\" class=\"rev-slidebg tp-rs-img rs-lazyload\" data-lazyload=\"\/\/dev.waterfallaudio.com\/wp-content\/uploads\/revslider\/hurricane-in-wall\/Waterfall_In_wall_Structure_Montage_Series_Construction_slider_04.jpg\" data-bg=\"f:contain;\" data-parallax=\"off\" data-no-retina>\n<!--\n\t\t\t\t\t\t\t--><rs-layer\n\t\t\t\t\t\t\t\tid=\"slider-1-slide-4-layer-11\" \n\t\t\t\t\t\t\t\tclass=\"Dining-Title\"\n\t\t\t\t\t\t\t\tdata-type=\"text\"\n\t\t\t\t\t\t\t\tdata-color=\"#7d7d7d\"\n\t\t\t\t\t\t\t\tdata-rsp_ch=\"on\"\n\t\t\t\t\t\t\t\tdata-xy=\"x:c;y:c;yo:-130px;\"\n\t\t\t\t\t\t\t\tdata-text=\"s:17;l:22;a:center;\"\n\t\t\t\t\t\t\t\tdata-dim=\"minh:0px;\"\n\t\t\t\t\t\t\t\tdata-frame_0=\"y:100%;\"\n\t\t\t\t\t\t\t\tdata-frame_1=\"e:power4.inOut;st:220;sp:2000;sR:220;\"\n\t\t\t\t\t\t\t\tdata-frame_999=\"st:5020;sR:7480;auto:true;\"\n\t\t\t\t\t\t\t\tstyle=\"z-index:6;font-family:'Roboto';type:text;\"\n\t\t\t\t\t\t\t>Finition Glass disponible en noir ou en blanc \n\t\t\t\t\t\t\t<\/rs-layer><!--\n\n\t\t\t\t\t\t\t--><rs-layer\n\t\t\t\t\t\t\t\tid=\"slider-1-slide-4-layer-12\" \n\t\t\t\t\t\t\t\tclass=\"Dining-Title\"\n\t\t\t\t\t\t\t\tdata-type=\"text\"\n\t\t\t\t\t\t\t\tdata-color=\"rgba(48, 48, 48, 1)\"\n\t\t\t\t\t\t\t\tdata-rsp_ch=\"on\"\n\t\t\t\t\t\t\t\tdata-xy=\"x:c;y:60px;\"\n\t\t\t\t\t\t\t\tdata-text=\"s:30;l:35;ls:6px;fw:500;a:center;\"\n\t\t\t\t\t\t\t\tdata-frame_1=\"e:power2.inOut;st:220;sR:220;\"\n\t\t\t\t\t\t\t\tdata-frame_999=\"o:0;e:nothing;st:5020;sR:9180;\"\n\t\t\t\t\t\t\t\tstyle=\"z-index:5;font-family:'Quicksand';type:text;\"\n\t\t\t\t\t\t\t>ACOUSTIQUE MAITRIS\u00c9E<BR>\nINT\u00c9GRATION INNOVANTE \n\t\t\t\t\t\t\t<\/rs-layer><!--\n-->\t\t\t\t\t\t<\/rs-slide>\n\t\t\t\t\t<\/rs-slides>\n\t\t\t\t\t<rs-static-layers><!--\n\t\t\t\t\t--><\/rs-static-layers>\n\t\t\t\t<\/rs-module>\n\t\t\t\t<script>\n\t\t\t\t\tsetREVStartSize({c: 'rev_slider_1_1',rl:[1240,1024,778,480],el:[600],gw:[1200],gh:[600],type:'standard',justify:'',layout:'fullwidth',mh:\"0\"});if (window.RS_MODULES!==undefined && window.RS_MODULES.modules!==undefined && window.RS_MODULES.modules[\"revslider11\"]!==undefined) {window.RS_MODULES.modules[\"revslider11\"].once = false;window.revapi1 = undefined;if (window.RS_MODULES.checkMinimal!==undefined) window.RS_MODULES.checkMinimal()}\n\t\t\t\t<\/script>\n\t\t\t<\/rs-module-wrap>\n\t\t\t<!-- END REVOLUTION SLIDER -->\n[\/vc_column][\/vc_row][vc_row unlock_row=&#8221;&#8221; row_height_percent=&#8221;0&#8243; override_padding=&#8221;yes&#8221; h_padding=&#8221;0&#8243; top_padding=&#8221;0&#8243; bottom_padding=&#8221;0&#8243; overlay_alpha=&#8221;50&#8243; equal_height=&#8221;yes&#8221; gutter_size=&#8221;0&#8243; column_width_percent=&#8221;100&#8243; shift_y=&#8221;0&#8243; z_index=&#8221;0&#8243; el_class=&#8221;inverted-device-order&#8221;][vc_column column_width_use_pixel=&#8221;yes&#8221; position_vertical=&#8221;middle&#8221; gutter_size=&#8221;2&#8243; override_padding=&#8221;yes&#8221; column_padding=&#8221;3&#8243; back_color=&#8221;color-lxmt&#8221; overlay_alpha=&#8221;50&#8243; shift_x=&#8221;0&#8243; shift_y=&#8221;0&#8243; shift_y_down=&#8221;0&#8243; z_index=&#8221;0&#8243; medium_width=&#8221;4&#8243; mobile_width=&#8221;0&#8243; css_animation=&#8221;left-t-right&#8221; animation_speed=&#8221;1000&#8243; animation_delay=&#8221;300&#8243; width=&#8221;1\/2&#8243; column_width_pixel=&#8221;900&#8243;][vc_custom_heading heading_semantic=&#8221;h5&#8243; text_font=&#8221;font-329340&#8243; text_size=&#8221;h6&#8243; text_transform=&#8221;uppercase&#8221; css_animation=&#8221;top-t-bottom&#8221; animation_speed=&#8221;800&#8243; animation_delay=&#8221;500&#8243; uncode_shortcode_id=&#8221;529293&#8243;]Discretion &amp; minimalism[\/vc_custom_heading][vc_custom_heading heading_semantic=&#8221;h1&#8243; text_font=&#8221;font-329340&#8243; text_weight=&#8221;400&#8243; text_transform=&#8221;uppercase&#8221; text_space=&#8221;fontspace-210350&#8243; separator=&#8221;yes&#8221; css_animation=&#8221;top-t-bottom&#8221; animation_delay=&#8221;200&#8243; uncode_shortcode_id=&#8221;117978&#8243;]Hurricane In wall Classic[\/vc_custom_heading][vc_column_text css_animation=&#8221;alpha-anim&#8221; animation_speed=&#8221;1000&#8243; animation_delay=&#8221;300&#8243; uncode_shortcode_id=&#8221;249875&#8243;]Choose High end sound in all your various rooms. This speaker will integrate itself very discretly in your walls or ceilings (optional black grill available)<br \/>\n[\/vc_column_text][\/vc_column][vc_column column_width_percent=&#8221;100&#8243; position_vertical=&#8221;middle&#8221; gutter_size=&#8221;0&#8243; overlay_alpha=&#8221;50&#8243; shift_x=&#8221;0&#8243; shift_y=&#8221;0&#8243; shift_y_down=&#8221;0&#8243; z_index=&#8221;0&#8243; medium_width=&#8221;4&#8243; mobile_width=&#8221;0&#8243; css_animation=&#8221;right-t-left&#8221; animation_speed=&#8221;500&#8243; animation_delay=&#8221;1200&#8243; width=&#8221;1\/2&#8243;][vc_gallery el_id=&#8221;gallery-2077851&#8243; type=&#8221;carousel&#8221; medias=&#8221;2327&#8243; carousel_lg=&#8221;1&#8243; carousel_md=&#8221;1&#8243; carousel_sm=&#8221;1&#8243; thumb_size=&#8221;one-one&#8221; gutter_size=&#8221;0&#8243; media_items=&#8221;media|nolink|original&#8221; carousel_height=&#8221;equal&#8221; carousel_type=&#8221;fade&#8221; carousel_interval=&#8221;3000&#8243; carousel_navspeed=&#8221;400&#8243; carousel_loop=&#8221;yes&#8221; carousel_nav=&#8221;yes&#8221; stage_padding=&#8221;0&#8243; single_overlay_opacity=&#8221;1&#8243; single_overlay_visible=&#8221;yes&#8221; single_overlay_anim=&#8221;no&#8221; single_image_anim=&#8221;no&#8221; single_padding=&#8221;2&#8243; single_border=&#8221;yes&#8221; uncode_shortcode_id=&#8221;312568&#8243;][\/vc_column][\/vc_row][vc_row unlock_row=&#8221;&#8221; row_height_percent=&#8221;0&#8243; override_padding=&#8221;yes&#8221; h_padding=&#8221;0&#8243; top_padding=&#8221;2&#8243; bottom_padding=&#8221;2&#8243; overlay_alpha=&#8221;50&#8243; equal_height=&#8221;yes&#8221; gutter_size=&#8221;0&#8243; column_width_percent=&#8221;100&#8243; shift_y=&#8221;0&#8243; z_index=&#8221;0&#8243; el_class=&#8221;inverted-device-order&#8221; uncode_shortcode_id=&#8221;161514&#8243;][vc_column column_width_percent=&#8221;100&#8243; position_vertical=&#8221;middle&#8221; gutter_size=&#8221;0&#8243; overlay_alpha=&#8221;50&#8243; shift_x=&#8221;0&#8243; shift_y=&#8221;0&#8243; shift_y_down=&#8221;0&#8243; z_index=&#8221;0&#8243; medium_width=&#8221;4&#8243; mobile_width=&#8221;0&#8243; css_animation=&#8221;left-t-right&#8221; animation_speed=&#8221;500&#8243; animation_delay=&#8221;1200&#8243; width=&#8221;1\/2&#8243;][vc_gallery el_id=&#8221;gallery-207785&#8243; type=&#8221;carousel&#8221; medias=&#8221;2329&#8243; carousel_lg=&#8221;1&#8243; carousel_md=&#8221;1&#8243; carousel_sm=&#8221;1&#8243; thumb_size=&#8221;one-one&#8221; gutter_size=&#8221;0&#8243; media_items=&#8221;media|nolink|original&#8221; carousel_height=&#8221;equal&#8221; carousel_type=&#8221;fade&#8221; carousel_interval=&#8221;3000&#8243; carousel_navspeed=&#8221;400&#8243; carousel_loop=&#8221;yes&#8221; carousel_nav=&#8221;yes&#8221; stage_padding=&#8221;0&#8243; single_overlay_opacity=&#8221;1&#8243; single_overlay_visible=&#8221;yes&#8221; single_overlay_anim=&#8221;no&#8221; single_image_anim=&#8221;no&#8221; single_padding=&#8221;2&#8243; single_border=&#8221;yes&#8221; uncode_shortcode_id=&#8221;146901&#8243;][\/vc_column][vc_column column_width_use_pixel=&#8221;yes&#8221; position_vertical=&#8221;middle&#8221; gutter_size=&#8221;2&#8243; override_padding=&#8221;yes&#8221; column_padding=&#8221;3&#8243; back_color=&#8221;color-lxmt&#8221; overlay_alpha=&#8221;50&#8243; shift_x=&#8221;0&#8243; shift_y=&#8221;0&#8243; shift_y_down=&#8221;0&#8243; z_index=&#8221;0&#8243; medium_width=&#8221;4&#8243; mobile_width=&#8221;0&#8243; css_animation=&#8221;right-t-left&#8221; animation_speed=&#8221;1000&#8243; animation_delay=&#8221;300&#8243; width=&#8221;1\/2&#8243; column_width_pixel=&#8221;900&#8243;][vc_custom_heading heading_semantic=&#8221;h5&#8243; text_font=&#8221;font-329340&#8243; text_size=&#8221;h6&#8243; text_transform=&#8221;uppercase&#8221; css_animation=&#8221;top-t-bottom&#8221; animation_speed=&#8221;800&#8243; animation_delay=&#8221;500&#8243; uncode_shortcode_id=&#8221;708657&#8243;]Classy integration[\/vc_custom_heading][vc_custom_heading heading_semantic=&#8221;h1&#8243; text_font=&#8221;font-329340&#8243; text_weight=&#8221;400&#8243; text_transform=&#8221;uppercase&#8221; text_space=&#8221;fontspace-210350&#8243; separator=&#8221;yes&#8221; css_animation=&#8221;top-t-bottom&#8221; animation_delay=&#8221;200&#8243; uncode_shortcode_id=&#8221;102944&#8243;]Hurricane In wall White Glass[\/vc_custom_heading][vc_column_text css_animation=&#8221;alpha-anim&#8221; animation_speed=&#8221;1000&#8243; animation_delay=&#8221;300&#8243; uncode_shortcode_id=&#8221;809379&#8243;]Our pure and intense white color glass is in perfect harmony with minimalist design and will reveal your taste for innovation.[\/vc_column_text][\/vc_column][\/vc_row][vc_row unlock_row=&#8221;&#8221; row_height_percent=&#8221;0&#8243; override_padding=&#8221;yes&#8221; h_padding=&#8221;0&#8243; top_padding=&#8221;0&#8243; bottom_padding=&#8221;4&#8243; overlay_alpha=&#8221;50&#8243; equal_height=&#8221;yes&#8221; gutter_size=&#8221;0&#8243; column_width_percent=&#8221;100&#8243; shift_y=&#8221;0&#8243; z_index=&#8221;0&#8243; el_class=&#8221;inverted-device-order&#8221; uncode_shortcode_id=&#8221;205604&#8243;][vc_column column_width_use_pixel=&#8221;yes&#8221; position_vertical=&#8221;middle&#8221; gutter_size=&#8221;2&#8243; override_padding=&#8221;yes&#8221; column_padding=&#8221;3&#8243; back_color=&#8221;color-lxmt&#8221; overlay_alpha=&#8221;50&#8243; shift_x=&#8221;0&#8243; shift_y=&#8221;0&#8243; shift_y_down=&#8221;0&#8243; z_index=&#8221;0&#8243; medium_width=&#8221;4&#8243; mobile_width=&#8221;0&#8243; css_animation=&#8221;left-t-right&#8221; animation_speed=&#8221;1000&#8243; animation_delay=&#8221;300&#8243; width=&#8221;1\/2&#8243; column_width_pixel=&#8221;900&#8243;][vc_custom_heading heading_semantic=&#8221;h5&#8243; text_font=&#8221;font-329340&#8243; text_size=&#8221;h6&#8243; text_transform=&#8221;uppercase&#8221; css_animation=&#8221;top-t-bottom&#8221; animation_speed=&#8221;800&#8243; animation_delay=&#8221;500&#8243; uncode_shortcode_id=&#8221;112911&#8243;]Fall for deep black[\/vc_custom_heading][vc_custom_heading heading_semantic=&#8221;h1&#8243; text_font=&#8221;font-329340&#8243; text_weight=&#8221;400&#8243; text_transform=&#8221;uppercase&#8221; text_space=&#8221;fontspace-210350&#8243; separator=&#8221;yes&#8221; css_animation=&#8221;top-t-bottom&#8221; animation_delay=&#8221;200&#8243; uncode_shortcode_id=&#8221;716292&#8243;]Hurricane In wall Black Glass[\/vc_custom_heading][vc_column_text css_animation=&#8221;alpha-anim&#8221; animation_speed=&#8221;1000&#8243; animation_delay=&#8221;300&#8243; uncode_shortcode_id=&#8221;149447&#8243;]Fall for the beauty of our deep black color, placed around your matching flat screen TV or simply dress your walls with an elegant innovating speaker.[\/vc_column_text][\/vc_column][vc_column column_width_percent=&#8221;100&#8243; position_vertical=&#8221;middle&#8221; gutter_size=&#8221;0&#8243; overlay_alpha=&#8221;50&#8243; shift_x=&#8221;0&#8243; shift_y=&#8221;0&#8243; shift_y_down=&#8221;0&#8243; z_index=&#8221;0&#8243; medium_width=&#8221;4&#8243; mobile_width=&#8221;0&#8243; css_animation=&#8221;right-t-left&#8221; animation_speed=&#8221;500&#8243; animation_delay=&#8221;1200&#8243; width=&#8221;1\/2&#8243;][vc_single_image media=&#8221;2331&#8243; media_width_percent=&#8221;100&#8243; media_ratio=&#8221;one-one&#8221; advanced=&#8221;yes&#8221; media_overlay_opacity=&#8221;1&#8243; media_overlay_visible=&#8221;yes&#8221; media_overlay_anim=&#8221;no&#8221; media_padding=&#8221;2&#8243; uncode_shortcode_id=&#8221;180079&#8243;][\/vc_column][\/vc_row][vc_row row_height_percent=&#8221;0&#8243; override_padding=&#8221;yes&#8221; h_padding=&#8221;2&#8243; top_padding=&#8221;2&#8243; bottom_padding=&#8221;5&#8243; overlay_alpha=&#8221;50&#8243; gutter_size=&#8221;3&#8243; column_width_percent=&#8221;100&#8243; shift_y=&#8221;0&#8243; z_index=&#8221;0&#8243;][vc_column width=&#8221;1\/1&#8243;][uncode_block id=&#8221;349&#8243;][\/vc_column][\/vc_row]<\/p>\n<\/div>","protected":false},"excerpt":{"rendered":"<p>[vc_row row_height_percent=&#8221;0&#8243; override_padding=&#8221;yes&#8221; h_padding=&#8221;2&#8243; top_padding=&#8221;5&#8243; bottom_padding=&#8221;4&#8243; overlay_alpha=&#8221;50&#8243; gutter_size=&#8221;3&#8243; column_width_percent=&#8221;100&#8243; shift_y=&#8221;0&#8243; z_index=&#8221;0&#8243;][vc_column column_width_percent=&#8221;100&#8243; gutter_size=&#8221;4&#8243; overlay_alpha=&#8221;50&#8243; shift_x=&#8221;0&#8243; shift_y=&#8221;0&#8243; shift_y_down=&#8221;0&#8243; z_index=&#8221;0&#8243; medium_width=&#8221;0&#8243; mobile_width=&#8221;0&#8243; [&hellip;]<\/p>\n","protected":false},"author":1,"featured_media":0,"parent":2749,"menu_order":0,"comment_status":"closed","ping_status":"closed","template":"","meta":{"footnotes":""},"_links":{"self":[{"href":"https:\/\/dev.waterfallaudio.com\/en\/wp-json\/wp\/v2\/pages\/2757"}],"collection":[{"href":"https:\/\/dev.waterfallaudio.com\/en\/wp-json\/wp\/v2\/pages"}],"about":[{"href":"https:\/\/dev.waterfallaudio.com\/en\/wp-json\/wp\/v2\/types\/page"}],"author":[{"embeddable":true,"href":"https:\/\/dev.waterfallaudio.com\/en\/wp-json\/wp\/v2\/users\/1"}],"replies":[{"embeddable":true,"href":"https:\/\/dev.waterfallaudio.com\/en\/wp-json\/wp\/v2\/comments?post=2757"}],"version-history":[{"count":2,"href":"https:\/\/dev.waterfallaudio.com\/en\/wp-json\/wp\/v2\/pages\/2757\/revisions"}],"predecessor-version":[{"id":2759,"href":"https:\/\/dev.waterfallaudio.com\/en\/wp-json\/wp\/v2\/pages\/2757\/revisions\/2759"}],"up":[{"embeddable":true,"href":"https:\/\/dev.waterfallaudio.com\/en\/wp-json\/wp\/v2\/pages\/2749"}],"wp:attachment":[{"href":"https:\/\/dev.waterfallaudio.com\/en\/wp-json\/wp\/v2\/media?parent=2757"}],"curies":[{"name":"wp","href":"https:\/\/api.w.org\/{rel}","templated":true}]}}